{"id":205,"date":"2021-09-09T18:13:17","date_gmt":"2021-09-09T18:13:17","guid":{"rendered":"https:\/\/parquesyjardines.com.mx\/?page_id=205"},"modified":"2021-09-09T19:29:01","modified_gmt":"2021-09-09T19:29:01","slug":"contacto","status":"publish","type":"page","link":"https:\/\/parquesyjardines.com.mx\/index.php\/contacto\/","title":{"rendered":"Contacto"},"content":{"rendered":"\t\t<div data-elementor-type=\"wp-page\" data-elementor-id=\"205\" class=\"elementor elementor-205\" data-elementor-settings=\"[]\">\n\t\t\t\t\t\t\t<div class=\"elementor-section-wrap\">\n\t\t\t\t\t\t\t<section class=\"elementor-section elementor-top-section elementor-element elementor-element-4c06cdbe elementor-section-boxed elementor-section-height-default elementor-section-height-default\" data-id=\"4c06cdbe\" data-element_type=\"section\" data-settings=\"{&quot;background_background&quot;:&quot;classic&quot;}\">\n\t\t\t\t\t\t<div class=\"elementor-container elementor-column-gap-default\">\n\t\t\t\t\t<div class=\"elementor-column elementor-col-100 elementor-top-column elementor-element elementor-element-97f412d\" data-id=\"97f412d\" data-element_type=\"column\">\n\t\t\t<div class=\"elementor-widget-wrap elementor-element-populated\">\n\t\t\t\t\t\t\t\t<div class=\"elementor-element elementor-element-7ddd8450 elementor-widget elementor-widget-heading\" data-id=\"7ddd8450\" data-element_type=\"widget\" data-widget_type=\"heading.default\">\n\t\t\t\t<div class=\"elementor-widget-container\">\n\t\t\t<h2 class=\"elementor-heading-title elementor-size-large\">Contacto<\/h2>\t\t<\/div>\n\t\t\t\t<\/div>\n\t\t\t\t\t<\/div>\n\t\t<\/div>\n\t\t\t\t\t\t\t<\/div>\n\t\t<\/section>\n\t\t\t\t<section class=\"elementor-section elementor-top-section elementor-element elementor-element-774a03bf elementor-section-content-middle elementor-section-boxed elementor-section-height-default elementor-section-height-default\" data-id=\"774a03bf\" data-element_type=\"section\">\n\t\t\t\t\t\t<div class=\"elementor-container elementor-column-gap-no\">\n\t\t\t\t\t<div class=\"elementor-column elementor-col-50 elementor-top-column elementor-element elementor-element-42e026c9 elementor-invisible\" data-id=\"42e026c9\" data-element_type=\"column\" data-settings=\"{&quot;background_background&quot;:&quot;classic&quot;,&quot;animation&quot;:&quot;rotateInDownLeft&quot;}\">\n\t\t\t<div class=\"elementor-widget-wrap elementor-element-populated\">\n\t\t\t\t\t\t\t\t<div class=\"elementor-element elementor-element-38665c55 elementor-widget elementor-widget-text-editor\" data-id=\"38665c55\" data-element_type=\"widget\" data-widget_type=\"text-editor.default\">\n\t\t\t\t<div class=\"elementor-widget-container\">\n\t\t\t\t\t\t\t<p>Contamos con suministro, colocaci\u00f3n y banqueo de \u00e1rboles, palmeras y un amplio cat\u00e1logo de plantas de ornato, as\u00ed como la venta de fertilizantes, mejoradores de suelo, herbicidas, plaguicidas, y dem\u00e1s productos agr\u00f3nomos.<\/p>\t\t\t\t\t\t<\/div>\n\t\t\t\t<\/div>\n\t\t\t\t\t<\/div>\n\t\t<\/div>\n\t\t\t\t<div class=\"elementor-column elementor-col-50 elementor-top-column elementor-element elementor-element-469d9428\" data-id=\"469d9428\" data-element_type=\"column\" data-settings=\"{&quot;background_background&quot;:&quot;slideshow&quot;,&quot;background_slideshow_gallery&quot;:[{&quot;id&quot;:216,&quot;url&quot;:&quot;https:\\\/\\\/parquesyjardines.com.mx\\\/wp-content\\\/uploads\\\/2021\\\/09\\\/ACOLCHADO.jpg&quot;},{&quot;id&quot;:232,&quot;url&quot;:&quot;https:\\\/\\\/parquesyjardines.com.mx\\\/wp-content\\\/uploads\\\/2021\\\/09\\\/ornato-2.jpg&quot;},{&quot;id&quot;:213,&quot;url&quot;:&quot;https:\\\/\\\/parquesyjardines.com.mx\\\/wp-content\\\/uploads\\\/2021\\\/09\\\/pasto3.jpg&quot;},{&quot;id&quot;:233,&quot;url&quot;:&quot;https:\\\/\\\/parquesyjardines.com.mx\\\/wp-content\\\/uploads\\\/2021\\\/09\\\/ornato-3.jpg&quot;},{&quot;id&quot;:212,&quot;url&quot;:&quot;https:\\\/\\\/parquesyjardines.com.mx\\\/wp-content\\\/uploads\\\/2021\\\/09\\\/pasto4.jpg&quot;},{&quot;id&quot;:234,&quot;url&quot;:&quot;https:\\\/\\\/parquesyjardines.com.mx\\\/wp-content\\\/uploads\\\/2021\\\/09\\\/ornato.jpg&quot;}],&quot;background_slideshow_slide_transition&quot;:&quot;slide_left&quot;,&quot;background_slideshow_loop&quot;:&quot;yes&quot;,&quot;background_slideshow_slide_duration&quot;:5000,&quot;background_slideshow_transition_duration&quot;:500}\">\n\t\t\t<div class=\"elementor-widget-wrap elementor-element-populated\">\n\t\t\t\t\t\t\t\t<div class=\"elementor-element elementor-element-405e7288 elementor-widget elementor-widget-spacer\" data-id=\"405e7288\" data-element_type=\"widget\" data-widget_type=\"spacer.default\">\n\t\t\t\t<div class=\"elementor-widget-container\">\n\t\t\t\t\t<div class=\"elementor-spacer\">\n\t\t\t<div class=\"elementor-spacer-inner\"><\/div>\n\t\t<\/div>\n\t\t\t\t<\/div>\n\t\t\t\t<\/div>\n\t\t\t\t\t<\/div>\n\t\t<\/div>\n\t\t\t\t\t\t\t<\/div>\n\t\t<\/section>\n\t\t\t\t<section class=\"elementor-section elementor-top-section elementor-element elementor-element-4cd0b528 elementor-section-full_width elementor-section-content-middle elementor-section-height-default elementor-section-height-default\" data-id=\"4cd0b528\" data-element_type=\"section\">\n\t\t\t\t\t\t<div class=\"elementor-container elementor-column-gap-no\">\n\t\t\t\t\t<div class=\"elementor-column elementor-col-50 elementor-top-column elementor-element elementor-element-11516455\" data-id=\"11516455\" data-element_type=\"column\">\n\t\t\t<div class=\"elementor-widget-wrap elementor-element-populated\">\n\t\t\t\t\t\t\t\t<div class=\"elementor-element elementor-element-79f9d248 elementor-widget elementor-widget-google_maps\" data-id=\"79f9d248\" data-element_type=\"widget\" data-widget_type=\"google_maps.default\">\n\t\t\t\t<div class=\"elementor-widget-container\">\n\t\t\t\t\t<div class=\"elementor-custom-embed\">\n\t\t\t<iframe frameborder=\"0\" scrolling=\"no\" marginheight=\"0\" marginwidth=\"0\"\n\t\t\t\t\tsrc=\"https:\/\/maps.google.com\/maps?q=Calle%20fresno%20no.%202471%2C%20Colonia%20del%20Fresno%2C%20Guadalajara%2C%20Jalisco.%20C.P.44900&#038;t=m&#038;z=15&#038;output=embed&#038;iwloc=near\"\n\t\t\t\t\ttitle=\"Calle fresno no. 2471, Colonia del Fresno, Guadalajara, Jalisco. C.P.44900\"\n\t\t\t\t\taria-label=\"Calle fresno no. 2471, Colonia del Fresno, Guadalajara, Jalisco. C.P.44900\"\n\t\t\t><\/iframe>\n\t\t<\/div>\n\t\t\t\t<\/div>\n\t\t\t\t<\/div>\n\t\t\t\t\t<\/div>\n\t\t<\/div>\n\t\t\t\t<div class=\"elementor-column elementor-col-50 elementor-top-column elementor-element elementor-element-76899dcb elementor-invisible\" data-id=\"76899dcb\" data-element_type=\"column\" data-settings=\"{&quot;background_background&quot;:&quot;gradient&quot;,&quot;animation&quot;:&quot;rotateInDownRight&quot;}\">\n\t\t\t<div class=\"elementor-widget-wrap elementor-element-populated\">\n\t\t\t\t\t\t\t\t<div class=\"elementor-element elementor-element-5699a7af elementor-widget elementor-widget-heading\" data-id=\"5699a7af\" data-element_type=\"widget\" data-widget_type=\"heading.default\">\n\t\t\t\t<div class=\"elementor-widget-container\">\n\t\t\t<h3 class=\"elementor-heading-title elementor-size-large\">Cont\u00e1ctanos y cotiza la mejor opci\u00f3n de Dise\u00f1o y Paisajismo  <\/h3>\t\t<\/div>\n\t\t\t\t<\/div>\n\t\t\t\t<div class=\"elementor-element elementor-element-72ee24b4 elementor-icon-list--layout-traditional elementor-list-item-link-full_width elementor-widget elementor-widget-icon-list\" data-id=\"72ee24b4\" data-element_type=\"widget\" data-widget_type=\"icon-list.default\">\n\t\t\t\t<div class=\"elementor-widget-container\">\n\t\t\t\t\t<ul class=\"elementor-icon-list-items\">\n\t\t\t\t\t\t\t<li class=\"elementor-icon-list-item\">\n\t\t\t\t\t\t\t\t\t\t\t<span class=\"elementor-icon-list-icon\">\n\t\t\t\t\t\t\t<i aria-hidden=\"true\" class=\"fas fa-home\"><\/i>\t\t\t\t\t\t<\/span>\n\t\t\t\t\t\t\t\t\t\t<span class=\"elementor-icon-list-text\">Calle fresno no. 2471, Colonia del Fresno, Guadalajara, Jalisco. C.P.44900<\/span>\n\t\t\t\t\t\t\t\t\t<\/li>\n\t\t\t\t\t\t\t\t<li class=\"elementor-icon-list-item\">\n\t\t\t\t\t\t\t\t\t\t\t<span class=\"elementor-icon-list-icon\">\n\t\t\t\t\t\t\t<i aria-hidden=\"true\" class=\"fas fa-envelope\"><\/i>\t\t\t\t\t\t<\/span>\n\t\t\t\t\t\t\t\t\t\t<span class=\"elementor-icon-list-text\">webcontac@parquesyjardines.com.mx<\/span>\n\t\t\t\t\t\t\t\t\t<\/li>\n\t\t\t\t\t\t<\/ul>\n\t\t\t\t<\/div>\n\t\t\t\t<\/div>\n\t\t\t\t\t<\/div>\n\t\t<\/div>\n\t\t\t\t\t\t\t<\/div>\n\t\t<\/section>\n\t\t\t\t\t\t<\/div>\n\t\t\t\t\t<\/div>\n\t\t","protected":false},"excerpt":{"rendered":"<p>Contacto Contamos con suministro, colocaci\u00f3n y banqueo de \u00e1rboles, palmeras y un amplio cat\u00e1logo de plantas de ornato, as\u00ed como la venta de fertilizantes, mejoradores de suelo, herbicidas, plaguicidas, y dem\u00e1s productos agr\u00f3nomos. Cont\u00e1ctanos y cotiza la mejor opci\u00f3n de Dise\u00f1o y Paisajismo Calle fresno no. 2471, Colonia del Fresno, Guadalajara, Jalisco. C.P.44900 webcontac@parquesyjardines.com.mx<\/p>\n","protected":false},"author":1,"featured_media":0,"parent":0,"menu_order":0,"comment_status":"closed","ping_status":"closed","template":"","meta":{"footnotes":""},"class_list":["post-205","page","type-page","status-publish","hentry"],"_links":{"self":[{"href":"https:\/\/parquesyjardines.com.mx\/index.php\/wp-json\/wp\/v2\/pages\/205","targetHints":{"allow":["GET"]}}],"collection":[{"href":"https:\/\/parquesyjardines.com.mx\/index.php\/wp-json\/wp\/v2\/pages"}],"about":[{"href":"https:\/\/parquesyjardines.com.mx\/index.php\/wp-json\/wp\/v2\/types\/page"}],"author":[{"embeddable":true,"href":"https:\/\/parquesyjardines.com.mx\/index.php\/wp-json\/wp\/v2\/users\/1"}],"replies":[{"embeddable":true,"href":"https:\/\/parquesyjardines.com.mx\/index.php\/wp-json\/wp\/v2\/comments?post=205"}],"version-history":[{"count":31,"href":"https:\/\/parquesyjardines.com.mx\/index.php\/wp-json\/wp\/v2\/pages\/205\/revisions"}],"predecessor-version":[{"id":268,"href":"https:\/\/parquesyjardines.com.mx\/index.php\/wp-json\/wp\/v2\/pages\/205\/revisions\/268"}],"wp:attachment":[{"href":"https:\/\/parquesyjardines.com.mx\/index.php\/wp-json\/wp\/v2\/media?parent=205"}],"curies":[{"name":"wp","href":"https:\/\/api.w.org\/{rel}","templated":true}]}}